{"id":7615,"date":"2021-08-12T13:37:52","date_gmt":"2021-08-12T13:37:52","guid":{"rendered":"https:\/\/www.digitalstrom.com\/technology\/"},"modified":"2022-08-01T10:46:00","modified_gmt":"2022-08-01T10:46:00","slug":"technologie","status":"publish","type":"page","link":"https:\/\/www.digitalstrom.com\/fr\/technologie\/","title":{"rendered":"Technologie"},"content":{"rendered":"","protected":false},"excerpt":{"rendered":"","protected":false},"author":8,"featured_media":0,"parent":0,"menu_order":108,"comment_status":"closed","ping_status":"closed","template":"page-technology.php","meta":{"inline_featured_image":false},"acf":[],"yoast_head":"<!-- This site is optimized with the Yoast SEO Premium plugin v20.0 (Yoast SEO v20.0) - https:\/\/yoast.com\/wordpress\/plugins\/seo\/ -->\n<title>Technologie | digitalSTROM<\/title>\n<meta name=\"description\" content=\"digitalSTROM Smart Home repr\u00e9sente bien plus qu&#039;une simple technologie innovante et fantaisiste. Notre syst\u00e8me poursuit l&#039;objectif strat\u00e9gique de permettre un mode de vie r\u00e9volutionnaire bas\u00e9 sur l&#039;interconnexion illimit\u00e9e de tous les aspects de la maison.\" \/>\n<meta name=\"robots\" content=\"index, follow, max-snippet:-1, max-image-preview:large, max-video-preview:-1\" \/>\n<link rel=\"canonical\" href=\"https:\/\/www.digitalstrom.com\/fr\/technology\/\" \/>\n<meta property=\"og:locale\" content=\"fr_FR\" \/>\n<meta property=\"og:type\" content=\"article\" \/>\n<meta property=\"og:title\" content=\"Technologie | digitalSTROM\" \/>\n<meta property=\"og:description\" content=\"digitalSTROM Smart Home repr\u00e9sente bien plus qu&#039;une simple technologie innovante et fantaisiste. Notre syst\u00e8me poursuit l&#039;objectif strat\u00e9gique de permettre un mode de vie r\u00e9volutionnaire bas\u00e9 sur l&#039;interconnexion illimit\u00e9e de tous les aspects de la maison.\" \/>\n<meta property=\"og:url\" content=\"https:\/\/www.digitalstrom.com\/technology\/\" \/>\n<meta property=\"og:site_name\" content=\"www.digitalstrom.com\" \/>\n<meta property=\"article:publisher\" content=\"https:\/\/www.facebook.com\/digitalSTROM\" \/>\n<meta property=\"article:modified_time\" content=\"2022-08-01T10:46:00+00:00\" \/>\n<meta name=\"twitter:card\" content=\"summary_large_image\" \/>\n<script type=\"application\/ld+json\" class=\"yoast-schema-graph\">{\"@context\":\"https:\/\/schema.org\",\"@graph\":[{\"@type\":\"WebPage\",\"@id\":\"https:\/\/www.digitalstrom.com\/fr\/technologie\/\",\"url\":\"https:\/\/www.digitalstrom.com\/technology\/\",\"name\":\"Technologie | digitalSTROM\",\"isPartOf\":{\"@id\":\"https:\/\/www.digitalstrom.com\/#website\"},\"datePublished\":\"2021-08-12T13:37:52+00:00\",\"dateModified\":\"2022-08-01T10:46:00+00:00\",\"description\":\"digitalSTROM Smart Home repr\u00e9sente bien plus qu'une simple technologie innovante et fantaisiste. Notre syst\u00e8me poursuit l'objectif strat\u00e9gique de permettre un mode de vie r\u00e9volutionnaire bas\u00e9 sur l'interconnexion illimit\u00e9e de tous les aspects de la maison.\",\"inLanguage\":\"fr-FR\",\"potentialAction\":[{\"@type\":\"ReadAction\",\"target\":[\"https:\/\/www.digitalstrom.com\/technology\/\"]}]},{\"@type\":\"WebSite\",\"@id\":\"https:\/\/www.digitalstrom.com\/#website\",\"url\":\"https:\/\/www.digitalstrom.com\/\",\"name\":\"www.digitalstrom.com\",\"description\":\"All-in-One Smart Home L\u00f6sung\",\"publisher\":{\"@id\":\"https:\/\/www.digitalstrom.com\/#organization\"},\"potentialAction\":[{\"@type\":\"SearchAction\",\"target\":{\"@type\":\"EntryPoint\",\"urlTemplate\":\"https:\/\/www.digitalstrom.com\/?s={search_term_string}\"},\"query-input\":\"required name=search_term_string\"}],\"inLanguage\":\"fr-FR\"},{\"@type\":\"Organization\",\"@id\":\"https:\/\/www.digitalstrom.com\/#organization\",\"name\":\"digitalSTROM AG\",\"url\":\"https:\/\/www.digitalstrom.com\/\",\"logo\":{\"@type\":\"ImageObject\",\"inLanguage\":\"fr-FR\",\"@id\":\"https:\/\/www.digitalstrom.com\/#\/schema\/logo\/image\/\",\"url\":\"https:\/\/www.digitalstrom.com\/wp-content\/uploads\/2023\/01\/digtialSTROM-logo__white-1.jpg\",\"contentUrl\":\"https:\/\/www.digitalstrom.com\/wp-content\/uploads\/2023\/01\/digtialSTROM-logo__white-1.jpg\",\"width\":1000,\"height\":1000,\"caption\":\"digitalSTROM AG\"},\"image\":{\"@id\":\"https:\/\/www.digitalstrom.com\/#\/schema\/logo\/image\/\"},\"sameAs\":[\"https:\/\/www.linkedin.com\/company\/digitalstrom-ag\",\"https:\/\/www.instagram.com\/digitalstrom\/\",\"https:\/\/www.facebook.com\/digitalSTROM\"]}]}<\/script>\n<!-- \/ Yoast SEO Premium plugin. -->","yoast_head_json":{"title":"Technologie | digitalSTROM","description":"digitalSTROM Smart Home repr\u00e9sente bien plus qu'une simple technologie innovante et fantaisiste. Notre syst\u00e8me poursuit l'objectif strat\u00e9gique de permettre un mode de vie r\u00e9volutionnaire bas\u00e9 sur l'interconnexion illimit\u00e9e de tous les aspects de la maison.","robots":{"index":"index","follow":"follow","max-snippet":"max-snippet:-1","max-image-preview":"max-image-preview:large","max-video-preview":"max-video-preview:-1"},"canonical":"https:\/\/www.digitalstrom.com\/fr\/technology\/","og_locale":"fr_FR","og_type":"article","og_title":"Technologie | digitalSTROM","og_description":"digitalSTROM Smart Home repr\u00e9sente bien plus qu'une simple technologie innovante et fantaisiste. Notre syst\u00e8me poursuit l'objectif strat\u00e9gique de permettre un mode de vie r\u00e9volutionnaire bas\u00e9 sur l'interconnexion illimit\u00e9e de tous les aspects de la maison.","og_url":"https:\/\/www.digitalstrom.com\/technology\/","og_site_name":"www.digitalstrom.com","article_publisher":"https:\/\/www.facebook.com\/digitalSTROM","article_modified_time":"2022-08-01T10:46:00+00:00","twitter_card":"summary_large_image","schema":{"@context":"https:\/\/schema.org","@graph":[{"@type":"WebPage","@id":"https:\/\/www.digitalstrom.com\/fr\/technologie\/","url":"https:\/\/www.digitalstrom.com\/technology\/","name":"Technologie | digitalSTROM","isPartOf":{"@id":"https:\/\/www.digitalstrom.com\/#website"},"datePublished":"2021-08-12T13:37:52+00:00","dateModified":"2022-08-01T10:46:00+00:00","description":"digitalSTROM Smart Home repr\u00e9sente bien plus qu'une simple technologie innovante et fantaisiste. Notre syst\u00e8me poursuit l'objectif strat\u00e9gique de permettre un mode de vie r\u00e9volutionnaire bas\u00e9 sur l'interconnexion illimit\u00e9e de tous les aspects de la maison.","inLanguage":"fr-FR","potentialAction":[{"@type":"ReadAction","target":["https:\/\/www.digitalstrom.com\/technology\/"]}]},{"@type":"WebSite","@id":"https:\/\/www.digitalstrom.com\/#website","url":"https:\/\/www.digitalstrom.com\/","name":"www.digitalstrom.com","description":"All-in-One Smart Home L\u00f6sung","publisher":{"@id":"https:\/\/www.digitalstrom.com\/#organization"},"potentialAction":[{"@type":"SearchAction","target":{"@type":"EntryPoint","urlTemplate":"https:\/\/www.digitalstrom.com\/?s={search_term_string}"},"query-input":"required name=search_term_string"}],"inLanguage":"fr-FR"},{"@type":"Organization","@id":"https:\/\/www.digitalstrom.com\/#organization","name":"digitalSTROM AG","url":"https:\/\/www.digitalstrom.com\/","logo":{"@type":"ImageObject","inLanguage":"fr-FR","@id":"https:\/\/www.digitalstrom.com\/#\/schema\/logo\/image\/","url":"https:\/\/www.digitalstrom.com\/wp-content\/uploads\/2023\/01\/digtialSTROM-logo__white-1.jpg","contentUrl":"https:\/\/www.digitalstrom.com\/wp-content\/uploads\/2023\/01\/digtialSTROM-logo__white-1.jpg","width":1000,"height":1000,"caption":"digitalSTROM AG"},"image":{"@id":"https:\/\/www.digitalstrom.com\/#\/schema\/logo\/image\/"},"sameAs":["https:\/\/www.linkedin.com\/company\/digitalstrom-ag","https:\/\/www.instagram.com\/digitalstrom\/","https:\/\/www.facebook.com\/digitalSTROM"]}]}},"_links":{"self":[{"href":"https:\/\/www.digitalstrom.com\/fr\/wp-json\/wp\/v2\/pages\/7615"}],"collection":[{"href":"https:\/\/www.digitalstrom.com\/fr\/wp-json\/wp\/v2\/pages"}],"about":[{"href":"https:\/\/www.digitalstrom.com\/fr\/wp-json\/wp\/v2\/types\/page"}],"author":[{"embeddable":true,"href":"https:\/\/www.digitalstrom.com\/fr\/wp-json\/wp\/v2\/users\/8"}],"replies":[{"embeddable":true,"href":"https:\/\/www.digitalstrom.com\/fr\/wp-json\/wp\/v2\/comments?post=7615"}],"version-history":[{"count":5,"href":"https:\/\/www.digitalstrom.com\/fr\/wp-json\/wp\/v2\/pages\/7615\/revisions"}],"predecessor-version":[{"id":14873,"href":"https:\/\/www.digitalstrom.com\/fr\/wp-json\/wp\/v2\/pages\/7615\/revisions\/14873"}],"wp:attachment":[{"href":"https:\/\/www.digitalstrom.com\/fr\/wp-json\/wp\/v2\/media?parent=7615"}],"curies":[{"name":"wp","href":"https:\/\/api.w.org\/{rel}","templated":true}]}}