{"id":7542,"date":"2021-06-02T13:11:15","date_gmt":"2021-06-02T13:11:15","guid":{"rendered":"https:\/\/www.digitalstrom.com\/installationspartner-finden\/"},"modified":"2024-02-06T12:48:48","modified_gmt":"2024-02-06T12:48:48","slug":"installationspartner-finden","status":"publish","type":"page","link":"https:\/\/www.digitalstrom.com\/fr\/installationspartner-finden\/","title":{"rendered":"Trouver un partenaire d&rsquo;installation"},"content":{"rendered":"","protected":false},"excerpt":{"rendered":"","protected":false},"author":8,"featured_media":0,"parent":0,"menu_order":86,"comment_status":"closed","ping_status":"closed","template":"page-search-installer.php","meta":{"inline_featured_image":false},"acf":[],"yoast_head":"<!-- This site is optimized with the Yoast SEO Premium plugin v20.0 (Yoast SEO v20.0) - https:\/\/yoast.com\/wordpress\/plugins\/seo\/ -->\n<title>Trouver un partenaire d&#039;installation | Digital Strom<\/title>\n<meta name=\"description\" content=\"Des connaissances sp\u00e9cialis\u00e9es sont requises pour une installation Digital Strom. Nos partenaires d\u2019installation certifi\u00e9s se feront un plaisir de vous conseiller et se r\u00e9jouissent de r\u00e9aliser votre projet.\u00c0 l\u2019aide de la barre de recherche, vous pouvez facilement trouver un partenaire ou un showroom dans votre r\u00e9gion et le contacter sans engagement.\" \/>\n<meta name=\"robots\" content=\"index, follow, max-snippet:-1, max-image-preview:large, max-video-preview:-1\" \/>\n<link rel=\"canonical\" href=\"https:\/\/www.digitalstrom.com\/fr\/installationspartner-finden\/\" \/>\n<meta property=\"og:locale\" content=\"fr_FR\" \/>\n<meta property=\"og:type\" content=\"article\" \/>\n<meta property=\"og:title\" content=\"Trouver un partenaire d&#039;installation | Digital Strom\" \/>\n<meta property=\"og:description\" content=\"Des connaissances sp\u00e9cialis\u00e9es sont requises pour une installation Digital Strom. Nos partenaires d\u2019installation certifi\u00e9s se feront un plaisir de vous conseiller et se r\u00e9jouissent de r\u00e9aliser votre projet.\u00c0 l\u2019aide de la barre de recherche, vous pouvez facilement trouver un partenaire ou un showroom dans votre r\u00e9gion et le contacter sans engagement.\" \/>\n<meta property=\"og:url\" content=\"https:\/\/www.digitalstrom.com\/fr\/installationspartner-finden\/\" \/>\n<meta property=\"og:site_name\" content=\"www.digitalstrom.com\" \/>\n<meta property=\"article:publisher\" content=\"https:\/\/www.facebook.com\/digitalSTROM\" \/>\n<meta property=\"article:modified_time\" content=\"2024-02-06T12:48:48+00:00\" \/>\n<meta name=\"twitter:card\" content=\"summary_large_image\" \/>\n<script type=\"application\/ld+json\" class=\"yoast-schema-graph\">{\"@context\":\"https:\/\/schema.org\",\"@graph\":[{\"@type\":\"WebPage\",\"@id\":\"https:\/\/www.digitalstrom.com\/fr\/installationspartner-finden\/\",\"url\":\"https:\/\/www.digitalstrom.com\/fr\/installationspartner-finden\/\",\"name\":\"Trouver un partenaire d'installation | Digital Strom\",\"isPartOf\":{\"@id\":\"https:\/\/www.digitalstrom.com\/#website\"},\"datePublished\":\"2021-06-02T13:11:15+00:00\",\"dateModified\":\"2024-02-06T12:48:48+00:00\",\"description\":\"Des connaissances sp\u00e9cialis\u00e9es sont requises pour une installation Digital Strom. Nos partenaires d\u2019installation certifi\u00e9s se feront un plaisir de vous conseiller et se r\u00e9jouissent de r\u00e9aliser votre projet.\u00c0 l\u2019aide de la barre de recherche, vous pouvez facilement trouver un partenaire ou un showroom dans votre r\u00e9gion et le contacter sans engagement.\",\"inLanguage\":\"fr-FR\",\"potentialAction\":[{\"@type\":\"ReadAction\",\"target\":[\"https:\/\/www.digitalstrom.com\/fr\/installationspartner-finden\/\"]}]},{\"@type\":\"WebSite\",\"@id\":\"https:\/\/www.digitalstrom.com\/#website\",\"url\":\"https:\/\/www.digitalstrom.com\/\",\"name\":\"www.digitalstrom.com\",\"description\":\"All-in-One Smart Home L\u00f6sung\",\"publisher\":{\"@id\":\"https:\/\/www.digitalstrom.com\/#organization\"},\"potentialAction\":[{\"@type\":\"SearchAction\",\"target\":{\"@type\":\"EntryPoint\",\"urlTemplate\":\"https:\/\/www.digitalstrom.com\/?s={search_term_string}\"},\"query-input\":\"required name=search_term_string\"}],\"inLanguage\":\"fr-FR\"},{\"@type\":\"Organization\",\"@id\":\"https:\/\/www.digitalstrom.com\/#organization\",\"name\":\"digitalSTROM AG\",\"url\":\"https:\/\/www.digitalstrom.com\/\",\"logo\":{\"@type\":\"ImageObject\",\"inLanguage\":\"fr-FR\",\"@id\":\"https:\/\/www.digitalstrom.com\/#\/schema\/logo\/image\/\",\"url\":\"https:\/\/www.digitalstrom.com\/wp-content\/uploads\/2023\/01\/digtialSTROM-logo__white-1.jpg\",\"contentUrl\":\"https:\/\/www.digitalstrom.com\/wp-content\/uploads\/2023\/01\/digtialSTROM-logo__white-1.jpg\",\"width\":1000,\"height\":1000,\"caption\":\"digitalSTROM AG\"},\"image\":{\"@id\":\"https:\/\/www.digitalstrom.com\/#\/schema\/logo\/image\/\"},\"sameAs\":[\"https:\/\/www.linkedin.com\/company\/digitalstrom-ag\",\"https:\/\/www.instagram.com\/digitalstrom\/\",\"https:\/\/www.facebook.com\/digitalSTROM\"]}]}<\/script>\n<!-- \/ Yoast SEO Premium plugin. -->","yoast_head_json":{"title":"Trouver un partenaire d'installation | Digital Strom","description":"Des connaissances sp\u00e9cialis\u00e9es sont requises pour une installation Digital Strom. Nos partenaires d\u2019installation certifi\u00e9s se feront un plaisir de vous conseiller et se r\u00e9jouissent de r\u00e9aliser votre projet.\u00c0 l\u2019aide de la barre de recherche, vous pouvez facilement trouver un partenaire ou un showroom dans votre r\u00e9gion et le contacter sans engagement.","robots":{"index":"index","follow":"follow","max-snippet":"max-snippet:-1","max-image-preview":"max-image-preview:large","max-video-preview":"max-video-preview:-1"},"canonical":"https:\/\/www.digitalstrom.com\/fr\/installationspartner-finden\/","og_locale":"fr_FR","og_type":"article","og_title":"Trouver un partenaire d'installation | Digital Strom","og_description":"Des connaissances sp\u00e9cialis\u00e9es sont requises pour une installation Digital Strom. Nos partenaires d\u2019installation certifi\u00e9s se feront un plaisir de vous conseiller et se r\u00e9jouissent de r\u00e9aliser votre projet.\u00c0 l\u2019aide de la barre de recherche, vous pouvez facilement trouver un partenaire ou un showroom dans votre r\u00e9gion et le contacter sans engagement.","og_url":"https:\/\/www.digitalstrom.com\/fr\/installationspartner-finden\/","og_site_name":"www.digitalstrom.com","article_publisher":"https:\/\/www.facebook.com\/digitalSTROM","article_modified_time":"2024-02-06T12:48:48+00:00","twitter_card":"summary_large_image","schema":{"@context":"https:\/\/schema.org","@graph":[{"@type":"WebPage","@id":"https:\/\/www.digitalstrom.com\/fr\/installationspartner-finden\/","url":"https:\/\/www.digitalstrom.com\/fr\/installationspartner-finden\/","name":"Trouver un partenaire d'installation | Digital Strom","isPartOf":{"@id":"https:\/\/www.digitalstrom.com\/#website"},"datePublished":"2021-06-02T13:11:15+00:00","dateModified":"2024-02-06T12:48:48+00:00","description":"Des connaissances sp\u00e9cialis\u00e9es sont requises pour une installation Digital Strom. Nos partenaires d\u2019installation certifi\u00e9s se feront un plaisir de vous conseiller et se r\u00e9jouissent de r\u00e9aliser votre projet.\u00c0 l\u2019aide de la barre de recherche, vous pouvez facilement trouver un partenaire ou un showroom dans votre r\u00e9gion et le contacter sans engagement.","inLanguage":"fr-FR","potentialAction":[{"@type":"ReadAction","target":["https:\/\/www.digitalstrom.com\/fr\/installationspartner-finden\/"]}]},{"@type":"WebSite","@id":"https:\/\/www.digitalstrom.com\/#website","url":"https:\/\/www.digitalstrom.com\/","name":"www.digitalstrom.com","description":"All-in-One Smart Home L\u00f6sung","publisher":{"@id":"https:\/\/www.digitalstrom.com\/#organization"},"potentialAction":[{"@type":"SearchAction","target":{"@type":"EntryPoint","urlTemplate":"https:\/\/www.digitalstrom.com\/?s={search_term_string}"},"query-input":"required name=search_term_string"}],"inLanguage":"fr-FR"},{"@type":"Organization","@id":"https:\/\/www.digitalstrom.com\/#organization","name":"digitalSTROM AG","url":"https:\/\/www.digitalstrom.com\/","logo":{"@type":"ImageObject","inLanguage":"fr-FR","@id":"https:\/\/www.digitalstrom.com\/#\/schema\/logo\/image\/","url":"https:\/\/www.digitalstrom.com\/wp-content\/uploads\/2023\/01\/digtialSTROM-logo__white-1.jpg","contentUrl":"https:\/\/www.digitalstrom.com\/wp-content\/uploads\/2023\/01\/digtialSTROM-logo__white-1.jpg","width":1000,"height":1000,"caption":"digitalSTROM AG"},"image":{"@id":"https:\/\/www.digitalstrom.com\/#\/schema\/logo\/image\/"},"sameAs":["https:\/\/www.linkedin.com\/company\/digitalstrom-ag","https:\/\/www.instagram.com\/digitalstrom\/","https:\/\/www.facebook.com\/digitalSTROM"]}]}},"_links":{"self":[{"href":"https:\/\/www.digitalstrom.com\/fr\/wp-json\/wp\/v2\/pages\/7542"}],"collection":[{"href":"https:\/\/www.digitalstrom.com\/fr\/wp-json\/wp\/v2\/pages"}],"about":[{"href":"https:\/\/www.digitalstrom.com\/fr\/wp-json\/wp\/v2\/types\/page"}],"author":[{"embeddable":true,"href":"https:\/\/www.digitalstrom.com\/fr\/wp-json\/wp\/v2\/users\/8"}],"replies":[{"embeddable":true,"href":"https:\/\/www.digitalstrom.com\/fr\/wp-json\/wp\/v2\/comments?post=7542"}],"version-history":[{"count":5,"href":"https:\/\/www.digitalstrom.com\/fr\/wp-json\/wp\/v2\/pages\/7542\/revisions"}],"predecessor-version":[{"id":19171,"href":"https:\/\/www.digitalstrom.com\/fr\/wp-json\/wp\/v2\/pages\/7542\/revisions\/19171"}],"wp:attachment":[{"href":"https:\/\/www.digitalstrom.com\/fr\/wp-json\/wp\/v2\/media?parent=7542"}],"curies":[{"name":"wp","href":"https:\/\/api.w.org\/{rel}","templated":true}]}}