{"id":6278,"date":"2021-06-02T13:38:29","date_gmt":"2021-06-02T13:38:29","guid":{"rendered":"https:\/\/www.digitalstrom.com\/impressum\/"},"modified":"2025-09-29T12:57:06","modified_gmt":"2025-09-29T12:57:06","slug":"impressum","status":"publish","type":"page","link":"https:\/\/www.digitalstrom.com\/fr\/impressum\/","title":{"rendered":"Comit\u00e9 des responsabilit\u00e9s"},"content":{"rendered":"\n<h3 id=\"h-haftungsausschuss\">Haftungsausschuss<\/h3>\n\n\n\n<p>Der Autor \u00fcbernimmt keinerlei Gew\u00e4hr f\u00fcr Aktualit\u00e4t, Korrektheit, Vollst\u00e4ndigkeit oder Qualit\u00e4t der bereitgestellten Informationen. Haftungsanspr\u00fcche gegen den Autor, welche sich auf Sch\u00e4den materieller oder ideeller Art beziehen, die durch Nutzung oder Nichtnutzung der dargebotenen Informationen bzw. durch die Nutzung fehlerhafter und unvollst\u00e4ndiger Informationen verursacht wurden sind grunds\u00e4tzlich ausgeschlossen, sofern seitens des Autors kein nachweislich vors\u00e4tzliches oder grob fahrl\u00e4ssiges Verschulden vorliegt. Alle Angebote sind freibleibend und unverbindlich. Der Autor beh\u00e4lt es sich ausdr\u00fccklich vor, Teile der Seiten oder das gesamte Angebot ohne gesonderte Ank\u00fcndigung zu ver\u00e4ndern, zu erg\u00e4nzen, zu l\u00f6schen oder die Ver\u00f6ffentlichung zeitweise oder endg\u00fcltig einzustellen.<\/p>\n\n\n\n<h3 id=\"h-verweise-und-links\">Verweise und Links<\/h3>\n\n\n\n<p>Bei direkten oder indirekten Verweisen auf fremde Internetseiten (\u00ab\u00a0Links\u00a0\u00bb), die au\u00dferhalb des Verantwortungsbereiches des Autors liegen, w\u00fcrde eine Haftungsverpflichtung ausschlie\u00dflich in dem Fall in Kraft treten, in dem der Autor von den Inhalten Kenntnis hat und es ihm technisch m\u00f6glich und zumutbar w\u00e4re, die Nutzung im Falle rechtswidriger Inhalte zu verhindern. Der Autor erkl\u00e4rt daher ausdr\u00fccklich, dass zum Zeitpunkt der Linksetzung die entsprechenden verlinkten Seiten frei von illegalen Inhalten waren. Der Autor hat keinerlei Einfluss auf die aktuelle und zuk\u00fcnftige Gestaltung und auf die Inhalte der gelinkten\/verkn\u00fcpften Seiten. Deshalb distanziert er sich hiermit ausdr\u00fccklich von allen Inhalten aller gelinkten \/verkn\u00fcpften Seiten, die nach der Linksetzung ver\u00e4ndert wurden. Diese Feststellung gilt f\u00fcr alle innerhalb des eigenen Internetangebotes gesetzten Links und Verweise sowie f\u00fcr Fremdeintr\u00e4ge in vom Autor eingerichteten Diskussionsforen und Mailinglisten. F\u00fcr illegale, fehlerhafte oder unvollst\u00e4ndige Inhalte und insbesondere f\u00fcr Sch\u00e4den, die aus der Nutzung oder Nichtnutzung solcherart dargebotener Informationen entstehen, haftet allein der Anbieter der Seite, auf die verwiesen wurde, nicht derjenige, der \u00fcber Links auf die jeweilige Ver\u00f6ffentlichung lediglich verweist.<\/p>\n\n\n\n<h3 id=\"h-datenschutz\">Datenschutz<\/h3>\n\n\n\n<p>Sofern innerhalb des Internetangebotes die M\u00f6glichkeit zur Eingabe pers\u00f6nlicher oder gesch\u00e4ftlicher Daten (E-Mailadressen, Namen, Anschriften) besteht, erfolgt die Preisgabe dieser Daten seitens des Nutzers auf ausdr\u00fccklich freiwilliger Basis.<\/p>\n\n\n\n<p>Die Inanspruchnahme und Bezahlung aller angebotenen Dienste richtet sich nach den digitalSTROM-<strong><a href=\"https:\/\/www.digitalstrom.com\/fr\/nutzungsbedingungen\/\" target=\"_blank\" rel=\"noreferrer noopener\">Nutzungsbedingungen<\/a><\/strong>.<\/p>\n\n\n\n<p>Das Internetangebot unter&nbsp;<a rel=\"noreferrer noopener\" href=\"http:\/\/digitalstrom.com\/\" target=\"_blank\">digitalstrom.com<\/a>&nbsp;benutzt Google Analytics, einen Webanalysedienst der Google Inc. (\u201eGoogle\u201c). Google Analytics verwendet sog. \u201eCookies\u201c, Textdateien, die auf Ihrem Computer gespeichert werden und die eine Analyse der Benutzung der Website durch Sie erm\u00f6glichen. Die durch den Cookie erzeugten Informationen \u00fcber Ihre Benutzung dieser Website werden in der Regel an einen Server von Google in den USA \u00fcbertragen und dort gespeichert. Im Falle der Aktivierung der IP-Anonymisierung auf dieser Webseite, wird Ihre IP-Adresse von Google jedoch innerhalb von Mitgliedstaaten der Europ\u00e4ischen Union oder in anderen Vertragsstaaten des Abkommens \u00fcber den Europ\u00e4ischen Wirtschaftsraum zuvor gek\u00fcrzt. Nur in Ausnahmef\u00e4llen wird die volle IP-Adresse an einen Server von Google in den USA \u00fcbertragen und dort gek\u00fcrzt. Im Auftrag des Betreibers dieser Website wird Google diese Informationen benutzen, um Ihre Nutzung der Website auszuwerten, um Reports \u00fcber die Websiteaktivit\u00e4ten zusammenzustellen und um weitere mit der Websitenutzung und der Internetnutzung verbundene Dienstleistungen gegen\u00fcber dem Websitebetreiber zu erbringenDie im Rahmen von Google Analytics von Ihrem Browser \u00fcbermittelte IP-Adresse wird nicht mit anderen Daten von Google zusammengef\u00fchrt. Sie k\u00f6nnen die Speicherung der Cookies durch eine entsprechende Einstellung Ihrer Browser-Software verhindern; wir weisen Sie jedoch darauf hin, dass Sie in diesem Fall gegebenenfalls nicht s\u00e4mtliche Funktionen dieser Website vollumf\u00e4nglich werden nutzen k\u00f6nnen. Sie k\u00f6nnen dar\u00fcber hinaus die Erfassung der durch das Cookie erzeugten und auf Ihre Nutzung der Website bezogenen Daten (inkl. Ihrer IP-Adresse) an Google sowie die Verarbeitung dieser Daten durch Google verhindern, indem sie das unter dem folgenden Link verf\u00fcgbare Browser-Plugin herunterladen und installieren. Der aktuelle Link ist&nbsp;<a rel=\"noreferrer noopener\" href=\"http:\/\/tools.google.com\/dlpage\/gaoptout?hl=de\" target=\"_blank\">tools.google.com\/dlpage\/gaoptout<\/a><\/p>\n\n\n\n<h3 id=\"h-rechtswirksamkeit-dieser-hinweise\">Rechtswirksamkeit dieser Hinweise<\/h3>\n\n\n\n<p>Die vorstehenden Hinweise sind als Teil des Internetangebotes unter&nbsp;<a rel=\"noreferrer noopener\" href=\"http:\/\/digitalstrom.com\/\" target=\"_blank\">digitalstrom.com<\/a>&nbsp;zu betrachten, von dem aus auf diese Seite verwiesen wurde. Sofern Teile oder einzelne Formulierungen dieser Hinweise der geltenden Rechtslage nicht, nicht mehr oder nicht vollst\u00e4ndig entsprechen sollten, bleiben die \u00fcbrigen Teile dieser Hinweise in ihrem Inhalt und ihrer G\u00fcltigkeit davon unber\u00fchrt. Wenn Sie sich als Kunde bei mein.digitalSTROM.com registrieren oder weitere digitalSTROM-Dienste nutzen, gelten erg\u00e4nzende Bestimmungen.<\/p>\n\n\n\n<h3 id=\"h-\"><\/h3>\n\n\n\n<p><\/p>\n\n\n\n<div style=\"border: 2px solid #e3e3e3; padding: 50px 60px; margin-bottom: 60px;\">\n\t<h3>IMPRESSUM<\/h3>\n\n\t<p><strong>digitalstrom.com ist ein Angebot von digitalSTROM AG<\/strong><\/p>\n\n\t<p><strong>digitalSTROM AG<\/strong><\/p>\n\t<p>\n\t\tWiesenstrasse 10A <br>\n\t\t8952 Schlieren <br>\n\t\tSchweiz\n\t<\/p>\n\n\t<p><strong>Email:<\/strong> info@digitalstrom.com<\/p>\n\n\t<p><strong>Board of Directors:<\/strong> Lode Van den Brande<\/p>\n\n\t<p><strong>Handelsregister:<\/strong> <br>\n\tCH-020.3.032.492-5<\/p>\n\n\t<p><strong>Gesch\u00e4ftsdomizil:<\/strong> <br>\n\tWiesenstrasse 10A, 8952 Schlieren<\/p>\n\n\t<p><strong>Aktienkapital:<\/strong> <br>\n\tAktiengesellschaft nach schweizerischem Recht<br>\n\tmit einem eingetragenen Kapital von CHF 1\u2019000\u2019000<br>\n\t(Stand 1. September 2013)<\/p>\n\n\t<p><strong>Mehrwertsteuer Identifikation (CH):<\/strong> <br>\n\tCHE-114.336.748 MWST<\/p>\n<\/div>\n","protected":false},"excerpt":{"rendered":"<p>Haftungsausschuss Der Autor \u00fcbernimmt keinerlei Gew\u00e4hr f\u00fcr Aktualit\u00e4t, Korrektheit, Vollst\u00e4ndigkeit oder Qualit\u00e4t der bereitgestellten Informationen. Haftungsanspr\u00fcche gegen den Autor, welche sich auf Sch\u00e4den materieller oder ideeller Art beziehen, die durch Nutzung oder Nichtnutzung der dargebotenen Informationen bzw. durch die Nutzung fehlerhafter und unvollst\u00e4ndiger Informationen verursacht wurden sind grunds\u00e4tzlich ausgeschlossen, sofern seitens des Autors kein nachweislich [&hellip;]<\/p>\n","protected":false},"author":8,"featured_media":0,"parent":0,"menu_order":78,"comment_status":"closed","ping_status":"closed","template":"page-for-footer.php","meta":{"inline_featured_image":false},"acf":[],"yoast_head":"<!-- This site is optimized with the Yoast SEO Premium plugin v20.0 (Yoast SEO v20.0) - https:\/\/yoast.com\/wordpress\/plugins\/seo\/ -->\n<title>Comit\u00e9 des responsabilit\u00e9s - www.digitalstrom.com<\/title>\n<meta name=\"robots\" content=\"index, follow, max-snippet:-1, max-image-preview:large, max-video-preview:-1\" \/>\n<link rel=\"canonical\" href=\"https:\/\/www.digitalstrom.com\/fr\/impressum\/\" \/>\n<meta property=\"og:locale\" content=\"fr_FR\" \/>\n<meta property=\"og:type\" content=\"article\" \/>\n<meta property=\"og:title\" content=\"Comit\u00e9 des responsabilit\u00e9s - www.digitalstrom.com\" \/>\n<meta property=\"og:description\" content=\"Haftungsausschuss Der Autor \u00fcbernimmt keinerlei Gew\u00e4hr f\u00fcr Aktualit\u00e4t, Korrektheit, Vollst\u00e4ndigkeit oder Qualit\u00e4t der bereitgestellten Informationen. Haftungsanspr\u00fcche gegen den Autor, welche sich auf Sch\u00e4den materieller oder ideeller Art beziehen, die durch Nutzung oder Nichtnutzung der dargebotenen Informationen bzw. durch die Nutzung fehlerhafter und unvollst\u00e4ndiger Informationen verursacht wurden sind grunds\u00e4tzlich ausgeschlossen, sofern seitens des Autors kein nachweislich [&hellip;]\" \/>\n<meta property=\"og:url\" content=\"https:\/\/www.digitalstrom.com\/fr\/impressum\/\" \/>\n<meta property=\"og:site_name\" content=\"www.digitalstrom.com\" \/>\n<meta property=\"article:publisher\" content=\"https:\/\/www.facebook.com\/digitalSTROM\" \/>\n<meta property=\"article:modified_time\" content=\"2025-09-29T12:57:06+00:00\" \/>\n<meta name=\"twitter:card\" content=\"summary_large_image\" \/>\n<meta name=\"twitter:label1\" content=\"Dur\u00e9e de lecture estim\u00e9e\" \/>\n\t<meta name=\"twitter:data1\" content=\"4 minutes\" \/>\n<script type=\"application\/ld+json\" class=\"yoast-schema-graph\">{\"@context\":\"https:\/\/schema.org\",\"@graph\":[{\"@type\":\"WebPage\",\"@id\":\"https:\/\/www.digitalstrom.com\/fr\/impressum\/\",\"url\":\"https:\/\/www.digitalstrom.com\/fr\/impressum\/\",\"name\":\"Comit\u00e9 des responsabilit\u00e9s - www.digitalstrom.com\",\"isPartOf\":{\"@id\":\"https:\/\/www.digitalstrom.com\/#website\"},\"datePublished\":\"2021-06-02T13:38:29+00:00\",\"dateModified\":\"2025-09-29T12:57:06+00:00\",\"inLanguage\":\"fr-FR\",\"potentialAction\":[{\"@type\":\"ReadAction\",\"target\":[\"https:\/\/www.digitalstrom.com\/fr\/impressum\/\"]}]},{\"@type\":\"WebSite\",\"@id\":\"https:\/\/www.digitalstrom.com\/#website\",\"url\":\"https:\/\/www.digitalstrom.com\/\",\"name\":\"www.digitalstrom.com\",\"description\":\"All-in-One Smart Home L\u00f6sung\",\"publisher\":{\"@id\":\"https:\/\/www.digitalstrom.com\/#organization\"},\"potentialAction\":[{\"@type\":\"SearchAction\",\"target\":{\"@type\":\"EntryPoint\",\"urlTemplate\":\"https:\/\/www.digitalstrom.com\/?s={search_term_string}\"},\"query-input\":\"required name=search_term_string\"}],\"inLanguage\":\"fr-FR\"},{\"@type\":\"Organization\",\"@id\":\"https:\/\/www.digitalstrom.com\/#organization\",\"name\":\"digitalSTROM AG\",\"url\":\"https:\/\/www.digitalstrom.com\/\",\"logo\":{\"@type\":\"ImageObject\",\"inLanguage\":\"fr-FR\",\"@id\":\"https:\/\/www.digitalstrom.com\/#\/schema\/logo\/image\/\",\"url\":\"https:\/\/www.digitalstrom.com\/wp-content\/uploads\/2023\/01\/digtialSTROM-logo__white-1.jpg\",\"contentUrl\":\"https:\/\/www.digitalstrom.com\/wp-content\/uploads\/2023\/01\/digtialSTROM-logo__white-1.jpg\",\"width\":1000,\"height\":1000,\"caption\":\"digitalSTROM AG\"},\"image\":{\"@id\":\"https:\/\/www.digitalstrom.com\/#\/schema\/logo\/image\/\"},\"sameAs\":[\"https:\/\/www.linkedin.com\/company\/digitalstrom-ag\",\"https:\/\/www.instagram.com\/digitalstrom\/\",\"https:\/\/www.facebook.com\/digitalSTROM\"]}]}<\/script>\n<!-- \/ Yoast SEO Premium plugin. -->","yoast_head_json":{"title":"Comit\u00e9 des responsabilit\u00e9s - www.digitalstrom.com","robots":{"index":"index","follow":"follow","max-snippet":"max-snippet:-1","max-image-preview":"max-image-preview:large","max-video-preview":"max-video-preview:-1"},"canonical":"https:\/\/www.digitalstrom.com\/fr\/impressum\/","og_locale":"fr_FR","og_type":"article","og_title":"Comit\u00e9 des responsabilit\u00e9s - www.digitalstrom.com","og_description":"Haftungsausschuss Der Autor \u00fcbernimmt keinerlei Gew\u00e4hr f\u00fcr Aktualit\u00e4t, Korrektheit, Vollst\u00e4ndigkeit oder Qualit\u00e4t der bereitgestellten Informationen. Haftungsanspr\u00fcche gegen den Autor, welche sich auf Sch\u00e4den materieller oder ideeller Art beziehen, die durch Nutzung oder Nichtnutzung der dargebotenen Informationen bzw. durch die Nutzung fehlerhafter und unvollst\u00e4ndiger Informationen verursacht wurden sind grunds\u00e4tzlich ausgeschlossen, sofern seitens des Autors kein nachweislich [&hellip;]","og_url":"https:\/\/www.digitalstrom.com\/fr\/impressum\/","og_site_name":"www.digitalstrom.com","article_publisher":"https:\/\/www.facebook.com\/digitalSTROM","article_modified_time":"2025-09-29T12:57:06+00:00","twitter_card":"summary_large_image","twitter_misc":{"Dur\u00e9e de lecture estim\u00e9e":"4 minutes"},"schema":{"@context":"https:\/\/schema.org","@graph":[{"@type":"WebPage","@id":"https:\/\/www.digitalstrom.com\/fr\/impressum\/","url":"https:\/\/www.digitalstrom.com\/fr\/impressum\/","name":"Comit\u00e9 des responsabilit\u00e9s - www.digitalstrom.com","isPartOf":{"@id":"https:\/\/www.digitalstrom.com\/#website"},"datePublished":"2021-06-02T13:38:29+00:00","dateModified":"2025-09-29T12:57:06+00:00","inLanguage":"fr-FR","potentialAction":[{"@type":"ReadAction","target":["https:\/\/www.digitalstrom.com\/fr\/impressum\/"]}]},{"@type":"WebSite","@id":"https:\/\/www.digitalstrom.com\/#website","url":"https:\/\/www.digitalstrom.com\/","name":"www.digitalstrom.com","description":"All-in-One Smart Home L\u00f6sung","publisher":{"@id":"https:\/\/www.digitalstrom.com\/#organization"},"potentialAction":[{"@type":"SearchAction","target":{"@type":"EntryPoint","urlTemplate":"https:\/\/www.digitalstrom.com\/?s={search_term_string}"},"query-input":"required name=search_term_string"}],"inLanguage":"fr-FR"},{"@type":"Organization","@id":"https:\/\/www.digitalstrom.com\/#organization","name":"digitalSTROM AG","url":"https:\/\/www.digitalstrom.com\/","logo":{"@type":"ImageObject","inLanguage":"fr-FR","@id":"https:\/\/www.digitalstrom.com\/#\/schema\/logo\/image\/","url":"https:\/\/www.digitalstrom.com\/wp-content\/uploads\/2023\/01\/digtialSTROM-logo__white-1.jpg","contentUrl":"https:\/\/www.digitalstrom.com\/wp-content\/uploads\/2023\/01\/digtialSTROM-logo__white-1.jpg","width":1000,"height":1000,"caption":"digitalSTROM AG"},"image":{"@id":"https:\/\/www.digitalstrom.com\/#\/schema\/logo\/image\/"},"sameAs":["https:\/\/www.linkedin.com\/company\/digitalstrom-ag","https:\/\/www.instagram.com\/digitalstrom\/","https:\/\/www.facebook.com\/digitalSTROM"]}]}},"_links":{"self":[{"href":"https:\/\/www.digitalstrom.com\/fr\/wp-json\/wp\/v2\/pages\/6278"}],"collection":[{"href":"https:\/\/www.digitalstrom.com\/fr\/wp-json\/wp\/v2\/pages"}],"about":[{"href":"https:\/\/www.digitalstrom.com\/fr\/wp-json\/wp\/v2\/types\/page"}],"author":[{"embeddable":true,"href":"https:\/\/www.digitalstrom.com\/fr\/wp-json\/wp\/v2\/users\/8"}],"replies":[{"embeddable":true,"href":"https:\/\/www.digitalstrom.com\/fr\/wp-json\/wp\/v2\/comments?post=6278"}],"version-history":[{"count":3,"href":"https:\/\/www.digitalstrom.com\/fr\/wp-json\/wp\/v2\/pages\/6278\/revisions"}],"predecessor-version":[{"id":19584,"href":"https:\/\/www.digitalstrom.com\/fr\/wp-json\/wp\/v2\/pages\/6278\/revisions\/19584"}],"wp:attachment":[{"href":"https:\/\/www.digitalstrom.com\/fr\/wp-json\/wp\/v2\/media?parent=6278"}],"curies":[{"name":"wp","href":"https:\/\/api.w.org\/{rel}","templated":true}]}}