{"id":6255,"date":"2021-05-26T09:35:40","date_gmt":"2021-05-26T09:35:40","guid":{"rendered":"https:\/\/www.digitalstrom.com\/das-ist-digitalstrom\/"},"modified":"2024-08-18T14:54:02","modified_gmt":"2024-08-18T14:54:02","slug":"about-digitalstrom","status":"publish","type":"page","link":"https:\/\/www.digitalstrom.com\/en\/about-digitalstrom\/","title":{"rendered":"About Digital Strom"},"content":{"rendered":"","protected":false},"excerpt":{"rendered":"","protected":false},"author":8,"featured_media":0,"parent":0,"menu_order":104,"comment_status":"closed","ping_status":"closed","template":"page-about-us.php","meta":{"inline_featured_image":false},"acf":[],"yoast_head":"<!-- This site is optimized with the Yoast SEO Premium plugin v20.0 (Yoast SEO v20.0) - https:\/\/yoast.com\/wordpress\/plugins\/seo\/ -->\n<title>About Digital Strom| A whole new level of quality of life<\/title>\n<meta name=\"description\" content=\"A propos de Digital Strom| Plus de confort, une meilleure qualit\u00e9 de vie, une s\u00e9curit\u00e9 accrue et une meilleure durabilit\u00e9 pour votre maison\" \/>\n<meta name=\"robots\" content=\"index, follow, max-snippet:-1, max-image-preview:large, max-video-preview:-1\" \/>\n<link rel=\"canonical\" href=\"https:\/\/www.digitalstrom.com\/en\/das-ist-digitalstrom\/\" \/>\n<meta property=\"og:locale\" content=\"en_US\" \/>\n<meta property=\"og:type\" content=\"article\" \/>\n<meta property=\"og:title\" content=\"About Digital Strom| A whole new level of quality of life\" \/>\n<meta property=\"og:description\" content=\"A propos de Digital Strom| Plus de confort, une meilleure qualit\u00e9 de vie, une s\u00e9curit\u00e9 accrue et une meilleure durabilit\u00e9 pour votre maison\" \/>\n<meta property=\"og:url\" content=\"https:\/\/www.digitalstrom.com\/das-ist-digitalstrom\/\" \/>\n<meta property=\"og:site_name\" content=\"www.digitalstrom.com\" \/>\n<meta property=\"article:publisher\" content=\"https:\/\/www.facebook.com\/digitalSTROM\" \/>\n<meta property=\"article:modified_time\" content=\"2024-08-18T14:54:02+00:00\" \/>\n<meta name=\"twitter:card\" content=\"summary_large_image\" \/>\n<script type=\"application\/ld+json\" class=\"yoast-schema-graph\">{\"@context\":\"https:\/\/schema.org\",\"@graph\":[{\"@type\":[\"WebPage\",\"AboutPage\"],\"@id\":\"https:\/\/www.digitalstrom.com\/en\/about-digitalstrom\/\",\"url\":\"https:\/\/www.digitalstrom.com\/das-ist-digitalstrom\/\",\"name\":\"About Digital Strom| A whole new level of quality of life\",\"isPartOf\":{\"@id\":\"https:\/\/www.digitalstrom.com\/#website\"},\"datePublished\":\"2021-05-26T09:35:40+00:00\",\"dateModified\":\"2024-08-18T14:54:02+00:00\",\"description\":\"A propos de Digital Strom| Plus de confort, une meilleure qualit\u00e9 de vie, une s\u00e9curit\u00e9 accrue et une meilleure durabilit\u00e9 pour votre maison\",\"inLanguage\":\"en-US\",\"potentialAction\":[{\"@type\":\"ReadAction\",\"target\":[\"https:\/\/www.digitalstrom.com\/das-ist-digitalstrom\/\"]}]},{\"@type\":\"WebSite\",\"@id\":\"https:\/\/www.digitalstrom.com\/#website\",\"url\":\"https:\/\/www.digitalstrom.com\/\",\"name\":\"www.digitalstrom.com\",\"description\":\"All-in-One Smart Home L\u00f6sung\",\"publisher\":{\"@id\":\"https:\/\/www.digitalstrom.com\/#organization\"},\"potentialAction\":[{\"@type\":\"SearchAction\",\"target\":{\"@type\":\"EntryPoint\",\"urlTemplate\":\"https:\/\/www.digitalstrom.com\/?s={search_term_string}\"},\"query-input\":\"required name=search_term_string\"}],\"inLanguage\":\"en-US\"},{\"@type\":\"Organization\",\"@id\":\"https:\/\/www.digitalstrom.com\/#organization\",\"name\":\"digitalSTROM AG\",\"url\":\"https:\/\/www.digitalstrom.com\/\",\"logo\":{\"@type\":\"ImageObject\",\"inLanguage\":\"en-US\",\"@id\":\"https:\/\/www.digitalstrom.com\/#\/schema\/logo\/image\/\",\"url\":\"https:\/\/www.digitalstrom.com\/wp-content\/uploads\/2023\/01\/digtialSTROM-logo__white-1.jpg\",\"contentUrl\":\"https:\/\/www.digitalstrom.com\/wp-content\/uploads\/2023\/01\/digtialSTROM-logo__white-1.jpg\",\"width\":1000,\"height\":1000,\"caption\":\"digitalSTROM AG\"},\"image\":{\"@id\":\"https:\/\/www.digitalstrom.com\/#\/schema\/logo\/image\/\"},\"sameAs\":[\"https:\/\/www.linkedin.com\/company\/digitalstrom-ag\",\"https:\/\/www.instagram.com\/digitalstrom\/\",\"https:\/\/www.facebook.com\/digitalSTROM\"]}]}<\/script>\n<!-- \/ Yoast SEO Premium plugin. -->","yoast_head_json":{"title":"About Digital Strom| A whole new level of quality of life","description":"A propos de Digital Strom| Plus de confort, une meilleure qualit\u00e9 de vie, une s\u00e9curit\u00e9 accrue et une meilleure durabilit\u00e9 pour votre maison","robots":{"index":"index","follow":"follow","max-snippet":"max-snippet:-1","max-image-preview":"max-image-preview:large","max-video-preview":"max-video-preview:-1"},"canonical":"https:\/\/www.digitalstrom.com\/en\/das-ist-digitalstrom\/","og_locale":"en_US","og_type":"article","og_title":"About Digital Strom| A whole new level of quality of life","og_description":"A propos de Digital Strom| Plus de confort, une meilleure qualit\u00e9 de vie, une s\u00e9curit\u00e9 accrue et une meilleure durabilit\u00e9 pour votre maison","og_url":"https:\/\/www.digitalstrom.com\/das-ist-digitalstrom\/","og_site_name":"www.digitalstrom.com","article_publisher":"https:\/\/www.facebook.com\/digitalSTROM","article_modified_time":"2024-08-18T14:54:02+00:00","twitter_card":"summary_large_image","schema":{"@context":"https:\/\/schema.org","@graph":[{"@type":["WebPage","AboutPage"],"@id":"https:\/\/www.digitalstrom.com\/en\/about-digitalstrom\/","url":"https:\/\/www.digitalstrom.com\/das-ist-digitalstrom\/","name":"About Digital Strom| A whole new level of quality of life","isPartOf":{"@id":"https:\/\/www.digitalstrom.com\/#website"},"datePublished":"2021-05-26T09:35:40+00:00","dateModified":"2024-08-18T14:54:02+00:00","description":"A propos de Digital Strom| Plus de confort, une meilleure qualit\u00e9 de vie, une s\u00e9curit\u00e9 accrue et une meilleure durabilit\u00e9 pour votre maison","inLanguage":"en-US","potentialAction":[{"@type":"ReadAction","target":["https:\/\/www.digitalstrom.com\/das-ist-digitalstrom\/"]}]},{"@type":"WebSite","@id":"https:\/\/www.digitalstrom.com\/#website","url":"https:\/\/www.digitalstrom.com\/","name":"www.digitalstrom.com","description":"All-in-One Smart Home L\u00f6sung","publisher":{"@id":"https:\/\/www.digitalstrom.com\/#organization"},"potentialAction":[{"@type":"SearchAction","target":{"@type":"EntryPoint","urlTemplate":"https:\/\/www.digitalstrom.com\/?s={search_term_string}"},"query-input":"required name=search_term_string"}],"inLanguage":"en-US"},{"@type":"Organization","@id":"https:\/\/www.digitalstrom.com\/#organization","name":"digitalSTROM AG","url":"https:\/\/www.digitalstrom.com\/","logo":{"@type":"ImageObject","inLanguage":"en-US","@id":"https:\/\/www.digitalstrom.com\/#\/schema\/logo\/image\/","url":"https:\/\/www.digitalstrom.com\/wp-content\/uploads\/2023\/01\/digtialSTROM-logo__white-1.jpg","contentUrl":"https:\/\/www.digitalstrom.com\/wp-content\/uploads\/2023\/01\/digtialSTROM-logo__white-1.jpg","width":1000,"height":1000,"caption":"digitalSTROM AG"},"image":{"@id":"https:\/\/www.digitalstrom.com\/#\/schema\/logo\/image\/"},"sameAs":["https:\/\/www.linkedin.com\/company\/digitalstrom-ag","https:\/\/www.instagram.com\/digitalstrom\/","https:\/\/www.facebook.com\/digitalSTROM"]}]}},"_links":{"self":[{"href":"https:\/\/www.digitalstrom.com\/en\/wp-json\/wp\/v2\/pages\/6255"}],"collection":[{"href":"https:\/\/www.digitalstrom.com\/en\/wp-json\/wp\/v2\/pages"}],"about":[{"href":"https:\/\/www.digitalstrom.com\/en\/wp-json\/wp\/v2\/types\/page"}],"author":[{"embeddable":true,"href":"https:\/\/www.digitalstrom.com\/en\/wp-json\/wp\/v2\/users\/8"}],"replies":[{"embeddable":true,"href":"https:\/\/www.digitalstrom.com\/en\/wp-json\/wp\/v2\/comments?post=6255"}],"version-history":[{"count":5,"href":"https:\/\/www.digitalstrom.com\/en\/wp-json\/wp\/v2\/pages\/6255\/revisions"}],"predecessor-version":[{"id":19350,"href":"https:\/\/www.digitalstrom.com\/en\/wp-json\/wp\/v2\/pages\/6255\/revisions\/19350"}],"wp:attachment":[{"href":"https:\/\/www.digitalstrom.com\/en\/wp-json\/wp\/v2\/media?parent=6255"}],"curies":[{"name":"wp","href":"https:\/\/api.w.org\/{rel}","templated":true}]}}